{"id":2287,"date":"2023-01-30T14:57:43","date_gmt":"2023-01-30T13:57:43","guid":{"rendered":"https:\/\/www.wipsim.fr\/mentions-legales\/"},"modified":"2023-05-10T14:37:23","modified_gmt":"2023-05-10T12:37:23","slug":"legal-information","status":"publish","type":"page","link":"https:\/\/www.wipsim.fr\/en\/legal-information\/","title":{"rendered":"Legal information"},"content":{"rendered":"<section  class='av_textblock_section av-ldle8gha-2cd6931392c8ef5cdf6858f66cf48ab5 '   itemscope=\"itemscope\" itemtype=\"https:\/\/schema.org\/CreativeWork\" ><div class='avia_textblock'  itemprop=\"text\" ><h1>Legal information<\/h1>\n<p>The website wipsim.fr is edited by the WIPSIM company, a Soci\u00e9t\u00e9 par Actions Simplifi\u00e9e (simplified joint-stock) company with a capital of 30 000 \u20ac, 15 rue Camille de Rochetaill\u00e9e, 42000 Saint-Etienne.<br \/>\nPhone: +33 4 77 06 82 02<\/p>\n<p>RCS: 812 165 611 Saint-Etienne.<br \/>\nSIRET: 812 165 611 00037<br \/>\ninter community VAT number: FR01812165611<\/p>\n<p>Publication manager: Patrick Burlat<br \/>\nNum\u00e9ro de d\u00e9claration simplifi\u00e9e Cnil : 1873842.<\/p>\n<p>Num\u00e9ro de d\u00e9claration d\u2019activit\u00e9 de formation : 84 42 02923 42 (aupr\u00e8s du Pr\u00e9fet de la R\u00e9gion Auvergne-Rh\u00f4ne-Alpes).<\/p>\n<p>Host: ovh, 2 rue kellermann, BP 80157, 59053 Roubaix Cedex 1, T\u00e9l: +33 0 8,203,203 02 63<\/p>\n<p>Design: <a href=\"https:\/\/laurentholdrinet.com\/\">Laurent Holdrinet<\/a><br \/>\nDeveloment: <a href=\"https:\/\/www.comkapi.com\/\">ComKapi<\/a><\/p>\n<h2><span lang=\"EN-US\">Data protection<\/span><\/h2>\n<p><span lang=\"EN-US\">The customer\u2019s personal data collected by filling the diverse forms are only meant for an exclusive use by WIPSIM sas, for the execution of its services. WIPSIM sas is committing to keep strict privacy of the collected personal data.<\/span><\/p>\n<p><span lang=\"EN-US\">In accordance with the provisions of French law no.78-17 dated 6 January 1978 relating to Information Technology, Files and Civil Liberties, users of the site have a right to access, oppose the use of, and rectify the information that concerns them (article 34 of the law). To exercise this right, they only need to address a request by e-mail or post with the aforementioned contact details.<\/span><\/p>\n<h3><span lang=\"EN-US\">Personal data<\/span><\/h3>\n<p><span lang=\"EN-US\">In accordance with the new General Data Protection Regulation (GDPR) we are informing you that the data you might provide us by filling the contact form:<br \/>\n&gt; are transmitted by e-mail only (not saved on the website\u2019s server);<br \/>\n&gt; are only used to answer your request;<br \/>\n&gt; are not accompanied by additional invisible data when filling the form (IP address&#8230;);<br \/>\n&gt; are not transmitted to third parties for any reason;<br \/>\n&gt; can be saved for a maximum legal period of 3 years, but are generally deleted right after answering your request;<br \/>\n&gt; can be consulted\/modified\/deleted\/exported at any moment by transmitting a request to <a href=\"mailto:contact@wipsim.fr\">contact@wipsim.fr<\/a><\/span><\/p>\n<h3><span lang=\"EN-US\">Intellectual property<\/span><\/h3>\n<p><span lang=\"EN-US\">The user agrees not to reproduce, summarize, modify, alter or redistribute, without prior express permission from the publisher, any text, title, application, logo, trademark, information or illustration, for any use other than strictly private, which excludes any representation for professional purposes or redistribution in number. Similarly, the user undertakes not to copy all or part of the site on another site or an internal company network.<\/span><\/p>\n<h1><span lang=\"EN-US\">Website\u2019s conditions of use<\/span><\/h1>\n<p><span lang=\"EN-US\">You are currently visiting the wipsim.fr website, from the WIPSIM sas company.<br \/>\nThe use of this website implies complete acceptance of the conditions of use from the first connection.<br \/>\nContact for website use question: <a href=\"mailto:contact@wipsim.fr\">contact@wipsim.fr<\/a><\/span><\/p>\n<h3><span lang=\"EN-US\">The web site&#8217;s content<\/span><\/h3>\n<p><span lang=\"EN-US\">The website, the texts, the pictures, the sounds, the photos, the charts, the downloadable contents and more generally every item in the website are the exclusive property of WIPSIM sas and\/or of the mentioned authors.<\/span><\/p>\n<p><span lang=\"EN-US\">This website and the composite elements are works protected by the French legislation and the international conventions regarding the copyright and intellectual property.<\/span><\/p>\n<p><span lang=\"EN-US\">The reproduction of the website or its individual composite items is forbidden except express authorization from the publication manager. In case of any authorized reproduction or mention, the source and the name of the author should be mentioned.<\/span><\/p>\n<h3><span lang=\"EN-US\">Informations about cookies<\/span><\/h3>\n<p><span lang=\"EN-US\">This website uses third-party services that might employ cookies YouTube or Vim\u00e9o videos, font styles proposed by Google fonts).<br \/>\nYou can refuse them by using the message box displaying at the bottom of the page when you are first connecting.<\/span><\/p>\n<p><span lang=\"EN-US\">Other choices:<\/span><\/p>\n<p><span lang=\"EN-US\"><div class=\"av-switch-aviaPrivacyRefuseCookiesHideBar av-toggle-switch av-cookie-disable-external-toggle av-cookie-save-checked av-cookie-default-checked\"><label><input type=\"checkbox\" checked=\"checked\" id=\"aviaPrivacyRefuseCookiesHideBar\" class=\"aviaPrivacyRefuseCookiesHideBar \" name=\"aviaPrivacyRefuseCookiesHideBar\" ><span class=\"toggle-track\"><\/span><span class=\"toggle-label-content\">Check to enable permanent hiding of message bar and refuse all cookies if you do not opt in. We need 2 cookies to store this setting. Otherwise you will be prompted again when opening a new browser window or new a tab.<\/span><\/label><\/div><br \/>\n<div class=\"av-switch-aviaPrivacyEssentialCookiesEnabled av-toggle-switch av-cookie-disable-external-toggle av-cookie-save-checked av-cookie-default-checked\"><label><input type=\"checkbox\" checked=\"checked\" id=\"aviaPrivacyEssentialCookiesEnabled\" class=\"aviaPrivacyEssentialCookiesEnabled \" name=\"aviaPrivacyEssentialCookiesEnabled\" ><span class=\"toggle-track\"><\/span><span class=\"toggle-label-content\">Click to enable\/disable essential site cookies.<\/span><\/label><\/div><br \/>\n<div data-disabled_by_browser=\"Please enable this feature in your browser settings and reload the page.\" class=\"av-switch-aviaPrivacyGoogleTrackingDisabled av-toggle-switch av-cookie-disable-external-toggle av-cookie-save-unchecked av-cookie-default-checked\"><label><input type=\"checkbox\" checked=\"checked\" id=\"aviaPrivacyGoogleTrackingDisabled\" class=\"aviaPrivacyGoogleTrackingDisabled \" name=\"aviaPrivacyGoogleTrackingDisabled\" ><span class=\"toggle-track\"><\/span><span class=\"toggle-label-content\">Click to enable\/disable Google Analytics tracking.<\/span><\/label><\/div><br \/>\n<div class=\"av-switch-aviaPrivacyGoogleWebfontsDisabled av-toggle-switch av-cookie-disable-external-toggle av-cookie-save-unchecked av-cookie-default-checked\"><label><input type=\"checkbox\" checked=\"checked\" id=\"aviaPrivacyGoogleWebfontsDisabled\" class=\"aviaPrivacyGoogleWebfontsDisabled \" name=\"aviaPrivacyGoogleWebfontsDisabled\" ><span class=\"toggle-track\"><\/span><span class=\"toggle-label-content\">Click to enable\/disable Google Webfonts.<\/span><\/label><\/div><br \/>\n<div class=\"av-switch-aviaPrivacyGoogleMapsDisabled av-toggle-switch av-cookie-disable-external-toggle av-cookie-save-unchecked av-cookie-default-checked\"><label><input type=\"checkbox\" checked=\"checked\" id=\"aviaPrivacyGoogleMapsDisabled\" class=\"aviaPrivacyGoogleMapsDisabled \" name=\"aviaPrivacyGoogleMapsDisabled\" ><span class=\"toggle-track\"><\/span><span class=\"toggle-label-content\">Click to enable\/disable Google Maps.<\/span><\/label><\/div><br \/>\n<div class=\"av-switch-aviaPrivacyGoogleReCaptchaDisabled av-toggle-switch av-cookie-disable-external-toggle av-cookie-save-unchecked av-cookie-default-checked\"><label><input type=\"checkbox\" checked=\"checked\" id=\"aviaPrivacyGoogleReCaptchaDisabled\" class=\"aviaPrivacyGoogleReCaptchaDisabled \" name=\"aviaPrivacyGoogleReCaptchaDisabled\" ><span class=\"toggle-track\"><\/span><span class=\"toggle-label-content\">Click to enable\/disable Google reCaptcha.<\/span><\/label><\/div><br \/>\n<div class=\"av-switch-aviaPrivacyVideoEmbedsDisabled av-toggle-switch av-cookie-disable-external-toggle av-cookie-save-unchecked av-cookie-default-checked\"><label><input type=\"checkbox\" checked=\"checked\" id=\"aviaPrivacyVideoEmbedsDisabled\" class=\"aviaPrivacyVideoEmbedsDisabled \" name=\"aviaPrivacyVideoEmbedsDisabled\" ><span class=\"toggle-track\"><\/span><span class=\"toggle-label-content\">Click to enable\/disable video embeds.<\/span><\/label><\/div><\/span><\/p>\n<p><span lang=\"EN-US\">More information about cookies on the https:\/\/www.cnil.fr\/en\/home cnil website<\/span><\/p>\n<h3>The hyperlinks<\/h3>\n<p>Creating a hyperlink toward this website is submitted to formal approval from the publication manager.<\/p>\n<p>This prior authorization applicates to:<\/p>\n<ul>\n<li>Any link pointing on towards the homepage in a new window of the browser,<\/li>\n<li>Any hyperlink to an internal page of the site,<\/li>\n<li>Any framing link,<\/li>\n<li>Any in-line link, or any other type of virtual connection from a URL.<\/li>\n<\/ul>\n<\/div><\/section>\n","protected":false},"excerpt":{"rendered":"","protected":false},"author":1,"featured_media":0,"parent":0,"menu_order":0,"comment_status":"closed","ping_status":"open","template":"","meta":{"footnotes":""},"class_list":["post-2287","page","type-page","status-publish","hentry"],"_links":{"self":[{"href":"https:\/\/www.wipsim.fr\/en\/wp-json\/wp\/v2\/pages\/2287","targetHints":{"allow":["GET"]}}],"collection":[{"href":"https:\/\/www.wipsim.fr\/en\/wp-json\/wp\/v2\/pages"}],"about":[{"href":"https:\/\/www.wipsim.fr\/en\/wp-json\/wp\/v2\/types\/page"}],"author":[{"embeddable":true,"href":"https:\/\/www.wipsim.fr\/en\/wp-json\/wp\/v2\/users\/1"}],"replies":[{"embeddable":true,"href":"https:\/\/www.wipsim.fr\/en\/wp-json\/wp\/v2\/comments?post=2287"}],"version-history":[{"count":4,"href":"https:\/\/www.wipsim.fr\/en\/wp-json\/wp\/v2\/pages\/2287\/revisions"}],"predecessor-version":[{"id":2910,"href":"https:\/\/www.wipsim.fr\/en\/wp-json\/wp\/v2\/pages\/2287\/revisions\/2910"}],"wp:attachment":[{"href":"https:\/\/www.wipsim.fr\/en\/wp-json\/wp\/v2\/media?parent=2287"}],"curies":[{"name":"wp","href":"https:\/\/api.w.org\/{rel}","templated":true}]}}