{"id":2297,"date":"2023-02-15T16:17:13","date_gmt":"2023-02-15T15:17:13","guid":{"rendered":"https:\/\/www.wipsim.fr\/recrutement\/"},"modified":"2023-04-12T09:04:01","modified_gmt":"2023-04-12T07:04:01","slug":"recruitment","status":"publish","type":"page","link":"https:\/\/www.wipsim.fr\/en\/recruitment\/","title":{"rendered":"Recruitment"},"content":{"rendered":"<div  class='flex_column av-49wu-f3b8f4d96d48949e2cff2522336dcacf av_three_fifth  avia-builder-el-0  el_before_av_two_fifth  avia-builder-el-first  first flex_column_div  '     ><section  class='av_textblock_section av-lefre63p-71100e0b9bff263e26142005dbfb4f0a '   itemscope=\"itemscope\" itemtype=\"https:\/\/schema.org\/CreativeWork\" ><div class='avia_textblock'  itemprop=\"text\" ><h1><span style=\"color: #ffffff;\">Recrutement<\/span><\/h1>\n<h2>Quels types de profils recherchons-nous ?<\/h2>\n<p>Nous recherchons actuellement un.e Software Developer (H\/F).<\/p>\n<p>L&#8217;activit\u00e9 de Wipsim vous int\u00e9resse, et vous souhaitez rejoindre notre \u00e9quipe ?<br \/>\nN&#8217;h\u00e9sitez plus ! Faites nous parvenir votre candidature.<\/p>\n<h3>En quoi consiste le poste de Software Developer (H\/F) ?<\/h3>\n<p>Vous contribuez sous la responsabilit\u00e9 du Lead Developer \u00e0 la conception, au d\u00e9veloppement et \u00e0 la mise en production de nos applications. Vous travaillerez \u00e0 la fois sur le frontend (framework Angular), mais aussi la partie backend (Node). Vous devez avoir une forte orientation qualit\u00e9 dans vos d\u00e9veloppements (tests unitaires, int\u00e9gration, \u2026) et le sens du service client (r\u00e9activit\u00e9, adaptabilit\u00e9).<\/p>\n<p><strong>Votre mission :<\/strong><\/p>\n<ul>\n<li>D\u00e9velopper et maintenir les logiciels de la startup Wipsim,<\/li>\n<li>Proposer des choix techniques autour de l&#8217;architecture de la solution,<\/li>\n<li>Apporter des r\u00e9ponses innovantes aux probl\u00e9matiques techniques rencontr\u00e9es,<\/li>\n<li>R\u00e9diger les documents n\u00e9cessaires \u00e0 la mise en \u0153uvre de nos solutions,<\/li>\n<li>Contribuer \u00e0 l\u2019\u00e9volution de notre organisation (m\u00e9thodes, outils, &#8230;).<\/li>\n<\/ul>\n<p><strong>Environnement technique :<\/strong><\/p>\n<ul>\n<li>Frontend : Angular \/ Javascript<\/li>\n<li>Backend : Node.JS \/ BD relationnelles \/ WebSockets \/ Web Services<\/li>\n<li>Gestionnaire de source: Git \/ SourceTree<\/li>\n<li>Syst\u00e8me: Windows \/ Mac \/ Machines virtuelles<\/li>\n<li>Outillage : MantisBT<\/li>\n<\/ul>\n<p><strong>Le profil id\u00e9al<\/strong><\/p>\n<ul>\n<li>Forte app\u00e9tence pour l\u2019esprit startup : pr\u00eat \u00e0 apprendre et \u00e0 partager,<\/li>\n<li>Go\u00fbt du challenge et du contact, orient\u00e9 r\u00e9sultats avec la ferme volont\u00e9 de faire,<\/li>\n<li>Adaptable et \u00e0 l\u2019\u00e9coute,<\/li>\n<li>BAC+5 en informatique (\u00e9cole d&#8217;ing\u00e9nieur ou universitaire).<\/li>\n<\/ul>\n<p><strong>Les infos pratiques<\/strong><\/p>\n<ul>\n<li>CDI Temps plein,<\/li>\n<li>Poste bas\u00e9 \u00e0 Saint Etienne, le t\u00e9l\u00e9travail est possible 1 \u00e0 2 jours par semaine,<\/li>\n<li>Salaire selon l\u2019exp\u00e9rience.<\/li>\n<\/ul>\n<p><strong>Ce poste vous int\u00e9resse ?<\/strong><\/p>\n<p>Envoyez-nous votre candidature en utilisant le formulaire en haut de cette page.<\/p>\n<p>T\u00e9l\u00e9charger la fiche de poste <a href=\"https:\/\/www.wipsim.fr\/wp-content\/uploads\/2023\/02\/Fiche-recrutement-Software-Developer-H-F-wipsim.pdf\">Software Developer<\/a> au format pdf (168 Ko)<\/p>\n<\/div><\/section><\/div>\n<div  class='flex_column av-8uc8m-64ad669b60cc5a42a9d60296d25b87f4 av_two_fifth  avia-builder-el-2  el_after_av_three_fifth  el_before_av_hr  flex_column_div  '     ><section  class='av_textblock_section av-legx6gxl-ee273108028536e33e54e655a7fb91c7 '   itemscope=\"itemscope\" itemtype=\"https:\/\/schema.org\/CreativeWork\" ><div class='avia_textblock iwantyou'  itemprop=\"text\" >\n<div class=\"wpcf7 no-js\" id=\"wpcf7-f2427-o1\" lang=\"fr-FR\" dir=\"ltr\" data-wpcf7-id=\"2427\">\n<div class=\"screen-reader-response\"><p role=\"status\" aria-live=\"polite\" aria-atomic=\"true\"><\/p> <ul><\/ul><\/div>\n<form action=\"\/en\/wp-json\/wp\/v2\/pages\/2297#wpcf7-f2427-o1\" method=\"post\" class=\"wpcf7-form init\" aria-label=\"Formulaire de contact\" enctype=\"multipart\/form-data\" novalidate=\"novalidate\" data-status=\"init\">\n<fieldset class=\"hidden-fields-container\"><input type=\"hidden\" name=\"_wpcf7\" value=\"2427\" \/><input type=\"hidden\" name=\"_wpcf7_version\" value=\"6.1.6\" \/><input type=\"hidden\" name=\"_wpcf7_locale\" value=\"fr_FR\" \/><input type=\"hidden\" name=\"_wpcf7_unit_tag\" value=\"wpcf7-f2427-o1\" \/><input type=\"hidden\" name=\"_wpcf7_container_post\" value=\"0\" \/><input type=\"hidden\" name=\"_wpcf7_posted_data_hash\" value=\"\" \/>\n<\/fieldset>\n<p><label> Your name*<br \/>\n<span class=\"wpcf7-form-control-wrap\" data-name=\"your-name\"><input size=\"40\" maxlength=\"400\" class=\"wpcf7-form-control wpcf7-text wpcf7-validates-as-required\" aria-required=\"true\" aria-invalid=\"false\" value=\"\" type=\"text\" name=\"your-name\" \/><\/span> <\/label>\n<\/p>\n<p><label> Your e-mail address*<br \/>\n<span class=\"wpcf7-form-control-wrap\" data-name=\"your-email\"><input size=\"40\" maxlength=\"400\" class=\"wpcf7-form-control wpcf7-email wpcf7-validates-as-required wpcf7-text wpcf7-validates-as-email\" aria-required=\"true\" aria-invalid=\"false\" value=\"\" type=\"email\" name=\"your-email\" \/><\/span> <\/label>\n<\/p>\n<p><label> To which position are you applying?*<br \/>\n<span class=\"wpcf7-form-control-wrap\" data-name=\"postechoisi\"><select class=\"wpcf7-form-control wpcf7-select wpcf7-validates-as-required\" aria-required=\"true\" aria-invalid=\"false\" name=\"postechoisi\"><option value=\"Speculative application\">Speculative application<\/option><option value=\"Software Developer (M\/W)\">Software Developer (M\/W)<\/option><option value=\"Consulting organization engineer (M\/W)\">Consulting organization engineer (M\/W)<\/option><\/select><\/span> <\/label>\n<\/p>\n<p><label> Your message*<br \/>\n<span class=\"wpcf7-form-control-wrap\" data-name=\"your-message\"><textarea cols=\"40\" rows=\"10\" maxlength=\"2000\" class=\"wpcf7-form-control wpcf7-textarea wpcf7-validates-as-required\" aria-required=\"true\" aria-invalid=\"false\" name=\"your-message\"><\/textarea><\/span> <\/label>\n<\/p>\n<p><label> Your r\u00e9sum\u00e9<br \/>\n<span class=\"wpcf7-form-control-wrap\" data-name=\"cv\"><input size=\"40\" class=\"wpcf7-form-control wpcf7-file\" accept=\".pdf,.doc,.docx\" aria-invalid=\"false\" type=\"file\" name=\"cv\" \/><\/span> <\/label>\n<\/p>\n<p><label> <span class=\"wpcf7-form-control-wrap\" data-name=\"rgpd\"><span class=\"wpcf7-form-control wpcf7-checkbox wpcf7-validates-as-required\"><span class=\"wpcf7-list-item first last\"><input type=\"checkbox\" name=\"rgpd[]\" value=\"I authorize the saving of the data in order to answer my request\" \/><span class=\"wpcf7-list-item-label\">I authorize the saving of the data in order to answer my request<\/span><\/span><\/span><\/span><\/label><br \/>\n<span id=\"wpcf7-6a098e33dc74e-wrapper\" class=\"wpcf7-form-control-wrap fax-wrap\" ><input type=\"hidden\" name=\"fax-random-hash\" value=\"94099500\"><input\n\t    id=\"wpcf7-6a098e33dc74e-field\"\n\t    \n\t    class=\"wpcf7-form-control wpcf7-text\"\n\t    type=\"text\"\n\t    name=\"yndidqvai2kv\"\n\t    value=\"\"\n\t    size=\"40\"\n\t    autocomplete=\"new-password\"\n\t    tabindex=\"1000\"\n    \/><\/span>\n<\/p>\n<p><input type=\"hidden\" name=\"_wpcf7_captcha_challenge_captcha-1\" value=\"2622257096\" \/><img loading=\"lazy\" decoding=\"async\" class=\"wpcf7-form-control wpcf7-captchac wpcf7-captcha-captcha-1\" width=\"72\" height=\"24\" alt=\"captcha\" src=\"https:\/\/www.wipsim.fr\/wp-content\/uploads\/wpcf7_captcha\/2622257096.png\" \/> Please write down the text:<br \/>\n<span class=\"wpcf7-form-control-wrap\" data-name=\"captcha-1\"><input size=\"40\" class=\"wpcf7-form-control wpcf7-captchar\" autocomplete=\"off\" aria-invalid=\"false\" value=\"\" type=\"text\" name=\"captcha-1\" \/><\/span>\n<\/p>\n<p><input class=\"wpcf7-form-control wpcf7-submit has-spinner\" type=\"submit\" value=\"Send\" \/>\n<\/p><div class=\"wpcf7-response-output\" aria-hidden=\"true\"><\/div>\n<\/form>\n<\/div>\n\n<\/div><\/section><\/div>\n<style type=\"text\/css\" data-created_by=\"avia_inline_auto\" id=\"style-css-av-legx96fq-5f61208246b9e61fd3a99c5831d718ca\">\n#top .hr.hr-invisible.av-legx96fq-5f61208246b9e61fd3a99c5831d718ca{\nheight:50px;\n}\n<\/style>\n<div  class='hr av-legx96fq-5f61208246b9e61fd3a99c5831d718ca hr-invisible  avia-builder-el-4  el_after_av_two_fifth  el_before_av_social_share '><span class='hr-inner '><span class=\"hr-inner-style\"><\/span><\/span><\/div><\/p>\n<div  class='av-social-sharing-box av-legx8y8r-1895cbcff7607e2a1e55fadb42399ab3 av-social-sharing-box-minimal  avia-builder-el-5  el_after_av_hr  el_before_av_hr  av-social-sharing-box-fullwidth'><div class=\"av-share-box\"><h5 class='av-share-link-description av-no-toc '>Partager<\/h5><ul class=\"av-share-box-list noLightbox\"><li class='av-share-link av-social-link-facebook avia_social_iconfont' ><a target=\"_blank\" aria-label=\"Share on Facebook\" href='https:\/\/www.facebook.com\/sharer.php?u=https:\/\/www.wipsim.fr\/en\/recruitment\/&#038;t=Recruitment' data-av_icon='\ue8f3' data-av_iconfont='entypo-fontello'  title='' data-avia-related-tooltip='Share on Facebook'><span class='avia_hidden_link_text'>Share on Facebook<\/span><\/a><\/li><li class='av-share-link av-social-link-twitter avia_social_iconfont' ><a target=\"_blank\" aria-label=\"Share on X\" href='https:\/\/twitter.com\/share?text=Recruitment&#038;url=https:\/\/www.wipsim.fr\/en\/?p=2297' data-av_icon='\ue932' data-av_iconfont='entypo-fontello'  title='' data-avia-related-tooltip='Share on X'><span class='avia_hidden_link_text'>Share on X<\/span><\/a><\/li><li class='av-share-link av-social-link-whatsapp avia_social_iconfont' ><a target=\"_blank\" aria-label=\"Share on WhatsApp\" href='https:\/\/api.whatsapp.com\/send?text=https:\/\/www.wipsim.fr\/en\/recruitment\/' data-av_icon='\uf232' data-av_iconfont='entypo-fontello'  title='' data-avia-related-tooltip='Share on WhatsApp'><span class='avia_hidden_link_text'>Share on WhatsApp<\/span><\/a><\/li><li class='av-share-link av-social-link-linkedin avia_social_iconfont' ><a target=\"_blank\" aria-label=\"Share on LinkedIn\" href='https:\/\/linkedin.com\/shareArticle?mini=true&#038;title=Recruitment&#038;url=https:\/\/www.wipsim.fr\/en\/recruitment\/' data-av_icon='\ue8fc' data-av_iconfont='entypo-fontello'  title='' data-avia-related-tooltip='Share on LinkedIn'><span class='avia_hidden_link_text'>Share on LinkedIn<\/span><\/a><\/li><li class='av-share-link av-social-link-mail avia_social_iconfont' ><a  aria-label=\"Share by Mail\" href='mailto:?subject=Recruitment&#038;body=https:\/\/www.wipsim.fr\/en\/recruitment\/' data-av_icon='\ue805' data-av_iconfont='entypo-fontello'  title='' data-avia-related-tooltip='Share by Mail'><span class='avia_hidden_link_text'>Share by Mail<\/span><\/a><\/li><\/ul><\/div><\/div>\n\n<style type=\"text\/css\" data-created_by=\"avia_inline_auto\" id=\"style-css-av-akay6-d0ca4fd33c9ac010e2acb18dd8ccca99\">\n#top .hr.hr-invisible.av-akay6-d0ca4fd33c9ac010e2acb18dd8ccca99{\nheight:100px;\n}\n<\/style>\n<div  class='hr av-akay6-d0ca4fd33c9ac010e2acb18dd8ccca99 hr-invisible  avia-builder-el-6  el_after_av_social_share  avia-builder-el-last '><span class='hr-inner '><span class=\"hr-inner-style\"><\/span><\/span><\/div>\n","protected":false},"excerpt":{"rendered":"","protected":false},"author":1,"featured_media":0,"parent":0,"menu_order":0,"comment_status":"closed","ping_status":"closed","template":"","meta":{"footnotes":""},"class_list":["post-2297","page","type-page","status-publish","hentry"],"_links":{"self":[{"href":"https:\/\/www.wipsim.fr\/en\/wp-json\/wp\/v2\/pages\/2297","targetHints":{"allow":["GET"]}}],"collection":[{"href":"https:\/\/www.wipsim.fr\/en\/wp-json\/wp\/v2\/pages"}],"about":[{"href":"https:\/\/www.wipsim.fr\/en\/wp-json\/wp\/v2\/types\/page"}],"author":[{"embeddable":true,"href":"https:\/\/www.wipsim.fr\/en\/wp-json\/wp\/v2\/users\/1"}],"replies":[{"embeddable":true,"href":"https:\/\/www.wipsim.fr\/en\/wp-json\/wp\/v2\/comments?post=2297"}],"version-history":[{"count":4,"href":"https:\/\/www.wipsim.fr\/en\/wp-json\/wp\/v2\/pages\/2297\/revisions"}],"predecessor-version":[{"id":2924,"href":"https:\/\/www.wipsim.fr\/en\/wp-json\/wp\/v2\/pages\/2297\/revisions\/2924"}],"wp:attachment":[{"href":"https:\/\/www.wipsim.fr\/en\/wp-json\/wp\/v2\/media?parent=2297"}],"curies":[{"name":"wp","href":"https:\/\/api.w.org\/{rel}","templated":true}]}}